{"id":7246,"date":"2026-04-30T12:01:16","date_gmt":"2026-04-30T15:01:16","guid":{"rendered":"https:\/\/linexstore.com.br\/loja\/?post_type=product&#038;p=7246"},"modified":"2026-04-30T12:12:49","modified_gmt":"2026-04-30T15:12:49","slug":"driver-micro-passo-para-cnc-tb6600-4a-42vdc-motor-de-passo","status":"publish","type":"product","link":"https:\/\/linexstore.com.br\/loja\/produto\/driver-micro-passo-para-cnc-tb6600-4a-42vdc-motor-de-passo","title":{"rendered":"Driver Micro Passo Para Cnc TB6600 4a 42vdc Motor De Passo"},"content":{"rendered":"<h2>Driver Micro Passo Para Cnc TB6600 4a 42vdc Motor De Passo<\/h2>\n<p>Driver controlador de motor de passo para automa\u00e7\u00e3o. Compat\u00edvel com Arduino, Router CNC, Laser CNC, Impressora 3D.<br \/>\nEssa placa \u00e9 respons\u00e1vel pelo acionamento do motor de passo de 4, 6 ou 8 fios. Bobinas A+ \/\/ A- \/\/ B+ \/\/ B-.<\/p>\n<p>&nbsp;<\/p>\n<h3>Aplica\u00e7\u00f5es<\/h3>\n<ul>\n<li>Motores de Passo Nema 17 e Nema 23<\/li>\n<li>Motores de Passo de 10kgf.cm \/\/ 15kgf.cm \/\/ 20 kgf.cm \/\/ 23kgf.cm<\/li>\n<li>Motores de Passo de 4 fios, 6 fios e 8 fios<\/li>\n<li>Permite liga\u00e7\u00e3o bi-polar em s\u00e9rie e bi-polar em paralelo.<\/li>\n<\/ul>\n<p>&nbsp;<\/p>\n<h3>Caracter\u00edsticas T\u00e9cnicas<\/h3>\n<ul>\n<li><strong>Modelo:<\/strong> Tb6600 4a 42vdc<\/li>\n<li><strong>Tipo:<\/strong> Driver de Micro Passo Digital<\/li>\n<li><strong>Chip: <\/strong>Toshiba s\u00e9rie 6600<\/li>\n<li><strong>Corrente M\u00e1xima: <\/strong>4 [A] Pico \/ 3,5 [A] Nominal<\/li>\n<li><strong>Correntes Intermedi\u00e1rias:<\/strong> 4,0 \/\/ 3,2 \/\/ 2,9 \/\/ 2,7 \/\/ 2,2 \/\/ 1,7 \/\/ 1,2 \/\/ 0,7 [A]<\/li>\n<li><strong>Resolu\u00e7\u00e3o de trabalho:<\/strong> 1\/1 (passo cheio), 1\/2 (meio-passo), 1\/4, 1\/8, 1\/16, 1\/32<\/li>\n<li><strong>Entrada das bobinas:<\/strong> A+, A-, B+, B-<\/li>\n<li><strong>Tens\u00e3o de Trabalho:<\/strong> DC +12 ou DC +24V ou DC +36V<\/li>\n<\/ul>\n","protected":false},"excerpt":{"rendered":"<h5>Driver Micro Passo Para Cnc TB6600 4a 42vdc Motor De Passo<\/h5>\n<p>Driver controlador de motor de passo para automa\u00e7\u00e3o. Compat\u00edvel com<strong> Arduino, Router CNC, Laser CNC, Impressora 3D.<\/strong><br \/>\nEssa placa \u00e9 respons\u00e1vel pelo acionamento do motor de passo de 4, 6 ou 8 fios. Bobinas A+ \/\/ A- \/\/ B+ \/\/ B-.<\/p>\n","protected":false},"featured_media":7249,"comment_status":"open","ping_status":"closed","template":"","meta":{"site-sidebar-layout":"default","site-content-layout":"","ast-site-content-layout":"default","site-content-style":"default","site-sidebar-style":"default","ast-global-header-display":"","ast-banner-title-visibility":"","ast-main-header-display":"","ast-hfb-above-header-display":"","ast-hfb-below-header-display":"","ast-hfb-mobile-header-display":"","site-post-title":"","ast-breadcrumbs-content":"","ast-featured-img":"","footer-sml-layout":"","ast-disable-related-posts":"","theme-transparent-header-meta":"default","adv-header-id-meta":"","stick-header-meta":"","header-above-stick-meta":"","header-main-stick-meta":"","header-below-stick-meta":"","astra-migrate-meta-layouts":"set","ast-page-background-enabled":"default","ast-page-background-meta":{"desktop":{"background-color":"","background-image":"","background-repeat":"repeat","background-position":"center center","background-size":"auto","background-attachment":"scroll","background-type":"","background-media":"","overlay-type":"","overlay-color":"","overlay-opacity":"","overlay-gradient":""},"tablet":{"background-color":"","background-image":"","background-repeat":"repeat","background-position":"center center","background-size":"auto","background-attachment":"scroll","background-type":"","background-media":"","overlay-type":"","overlay-color":"","overlay-opacity":"","overlay-gradient":""},"mobile":{"background-color":"","background-image":"","background-repeat":"repeat","background-position":"center center","background-size":"auto","background-attachment":"scroll","background-type":"","background-media":"","overlay-type":"","overlay-color":"","overlay-opacity":"","overlay-gradient":""}},"ast-content-background-meta":{"desktop":{"background-color":"var(--ast-global-color-5)","background-image":"","background-repeat":"repeat","background-position":"center center","background-size":"auto","background-attachment":"scroll","background-type":"","background-media":"","overlay-type":"","overlay-color":"","overlay-opacity":"","overlay-gradient":""},"tablet":{"background-color":"var(--ast-global-color-5)","background-image":"","background-repeat":"repeat","background-position":"center center","background-size":"auto","background-attachment":"scroll","background-type":"","background-media":"","overlay-type":"","overlay-color":"","overlay-opacity":"","overlay-gradient":""},"mobile":{"background-color":"var(--ast-global-color-5)","background-image":"","background-repeat":"repeat","background-position":"center center","background-size":"auto","background-attachment":"scroll","background-type":"","background-media":"","overlay-type":"","overlay-color":"","overlay-opacity":"","overlay-gradient":""}}},"product_brand":[25],"product_cat":[292,286],"product_tag":[248,231,287,288,290,289],"class_list":{"0":"post-7246","1":"product","2":"type-product","3":"status-publish","4":"has-post-thumbnail","6":"product_brand-linex-store","7":"product_cat-automacao","8":"product_cat-drivers","9":"product_tag-automacao-cnc","10":"product_tag-automacao-industrial","11":"product_tag-driver-de-micro-passo","12":"product_tag-driver-digital","13":"product_tag-driver-para-automacao","14":"product_tag-driver-para-motor-de-passo","15":"desktop-align-center","16":"tablet-align-center","17":"mobile-align-center","19":"first","20":"instock","21":"taxable","22":"shipping-taxable","23":"purchasable","24":"product-type-simple"},"_links":{"self":[{"href":"https:\/\/linexstore.com.br\/loja\/wp-json\/wp\/v2\/product\/7246","targetHints":{"allow":["GET"]}}],"collection":[{"href":"https:\/\/linexstore.com.br\/loja\/wp-json\/wp\/v2\/product"}],"about":[{"href":"https:\/\/linexstore.com.br\/loja\/wp-json\/wp\/v2\/types\/product"}],"replies":[{"embeddable":true,"href":"https:\/\/linexstore.com.br\/loja\/wp-json\/wp\/v2\/comments?post=7246"}],"wp:featuredmedia":[{"embeddable":true,"href":"https:\/\/linexstore.com.br\/loja\/wp-json\/wp\/v2\/media\/7249"}],"wp:attachment":[{"href":"https:\/\/linexstore.com.br\/loja\/wp-json\/wp\/v2\/media?parent=7246"}],"wp:term":[{"taxonomy":"product_brand","embeddable":true,"href":"https:\/\/linexstore.com.br\/loja\/wp-json\/wp\/v2\/product_brand?post=7246"},{"taxonomy":"product_cat","embeddable":true,"href":"https:\/\/linexstore.com.br\/loja\/wp-json\/wp\/v2\/product_cat?post=7246"},{"taxonomy":"product_tag","embeddable":true,"href":"https:\/\/linexstore.com.br\/loja\/wp-json\/wp\/v2\/product_tag?post=7246"}],"curies":[{"name":"wp","href":"https:\/\/api.w.org\/{rel}","templated":true}]}}