{"id":6978,"date":"2026-03-05T14:37:00","date_gmt":"2026-03-05T17:37:00","guid":{"rendered":"https:\/\/linexstore.com.br\/loja\/?post_type=product&#038;p=6978"},"modified":"2026-03-17T13:08:20","modified_gmt":"2026-03-17T16:08:20","slug":"placa-controladora-cnc-via-usb-4-eixos-para-mach3-p-router-fresa","status":"publish","type":"product","link":"https:\/\/linexstore.com.br\/loja\/produto\/placa-controladora-cnc-via-usb-4-eixos-para-mach3-p-router-fresa","title":{"rendered":"Placa Controladora CNC via Usb &#8211; 4 Eixos para Mach3 P\/ Router Fresa"},"content":{"rendered":"<h2>Placa Controladora CNC 4 Eixos Mach3 Via Usb<\/h2>\n<p>Interface Placa Controladora Opto-Isolada entre PC e m\u00e1quina CNC, com transmiss\u00e3o de dados via porta USB.<\/p>\n<p data-start=\"225\" data-end=\"669\">Uma solu\u00e7\u00e3o compacta e eficiente para controle de m\u00e1quinas CNC, permitindo a comunica\u00e7\u00e3o direta entre o computador e os drivers dos motores de passo atrav\u00e9s de interface USB. Projetada para aplica\u00e7\u00f5es em <strong data-start=\"483\" data-end=\"556\">routers CNC, fresadoras, gravadoras e m\u00e1quinas de corte automatizadas<\/strong>, a placa oferece controle est\u00e1vel, alta precis\u00e3o e f\u00e1cil integra\u00e7\u00e3o com sistemas baseados no software <strong data-start=\"659\" data-end=\"668\">Mach3<\/strong>.<\/p>\n<p data-start=\"932\" data-end=\"1147\">Com suporte para <strong data-start=\"949\" data-end=\"992\">at\u00e9 4 eixos independentes (X, Y, Z e A)<\/strong>, a placa permite maior flexibilidade em projetos CNC, possibilitando o controle de movimentos simult\u00e2neos e a execu\u00e7\u00e3o de opera\u00e7\u00f5es complexas de usinagem.<\/p>\n<h6>Itens inclusos:<\/h6>\n<ul>\n<li>1 PLACA CONTROLADORA<\/li>\n<li>1 CABO USB DE DADOS<\/li>\n<\/ul>\n<h3 data-start=\"991\" data-end=\"1009\"><strong data-start=\"995\" data-end=\"1009\">Aplica\u00e7\u00f5es<\/strong><\/h3>\n<p>Suporta at\u00e9 4 eixos, mais 4 Entradas e 4 Sa\u00eddas de Sinal sendo: 1 sa\u00edda Anal\u00f3gica 0~10V.<\/p>\n<p>Permite ligar sensor Home, Fim-de-Curso, Probe, Cycle-Start&#8230;<\/p>\n<p>Pode controlar a velocidade ou rota\u00e7\u00e3o (RPM) do Spindle ou Pot\u00eancia do Laser via PWM ou porta anal\u00f3gica. Possui sa\u00edda para acionamento Liga\/Desliga do Spindle.<\/p>\n<h3 data-start=\"1603\" data-end=\"1635\"><strong data-start=\"1607\" data-end=\"1635\">Caracter\u00edsticas t\u00e9cnicas<\/strong><\/h3>\n<ul>\n<li><strong>Modelo:<\/strong> RnR ECO MOTION 2.0 R08<\/li>\n<li><strong>Software de Controle:<\/strong> MACH3<\/li>\n<li><strong>Sistema Operacional:<\/strong> Windows 32 ou 64 bits (Windows XP, Windows 7, Windows 8, Windows 10, Windows 11, Win Vista, etc&#8230;)<\/li>\n<li><strong>Speed Frequency:<\/strong> 100 kHz<\/li>\n<li><strong>Transmiss\u00e3o de Dados:<\/strong> Porta USB<\/li>\n<li><strong>Alimenta\u00e7\u00e3o de Energia:<\/strong> via USB (+5 VDC)<\/li>\n<li><strong>Quantidade de Eixos:<\/strong> 1 at\u00e9 4 eixos (X, Y, Z, A) &#8211; de 2 fases cada (Pulso e Dire\u00e7\u00e3o)<\/li>\n<li><strong>Entradas \/ Input:<\/strong> 4 &#8211; ex: Bot\u00e3o de Emerg\u00eancia, Fim-de-Curso, Home, Probe, etc.<\/li>\n<li><strong>Entradas p\/ Handwheel:<\/strong> Sim<\/li>\n<li><strong>Sa\u00eddas \/ Output:<\/strong> 8 para Drivers ex: Pulso e Dire\u00e7\u00e3o dos drivers + 4 (independentes) para perif\u00e9ricos ex: Liga\/Desliga Spindle, Sentido de Rota\u00e7\u00e3o, Refrigera\u00e7\u00e3o, etc.<\/li>\n<li><strong>Sa\u00edda Anal\u00f3gica \/ PWM:<\/strong> 1 sa\u00edda (independente) &#8211; para controle de rota\u00e7\u00e3o do spindle ou pot\u00eancia do laser<\/li>\n<li><strong>Dimens\u00e3o:<\/strong> 90 x 80 x 20 mm (comprimento x largura x altura)<\/li>\n<\/ul>\n<p>Na LineX Store voc\u00ea encontra ferramentas selecionadas com alto padr\u00e3o de qualidade, garantindo precis\u00e3o, durabilidade e desempenho real na usinagem. Compre com seguran\u00e7a, suporte especializado e a confian\u00e7a de resultados profissionais desde o primeiro uso.<\/p>\n","protected":false},"excerpt":{"rendered":"<h6>Placa Controladora CNC 4 Eixos Mach3 Via Usb<\/h6>\n<p>A placa \u00e9 ideal para quem busca uma solu\u00e7\u00e3o confi\u00e1vel e acess\u00edvel para controle de m\u00e1quinas CNC, oferecendo precis\u00e3o no movimento, estabilidade operacional e excelente desempenho em aplica\u00e7\u00f5es de usinagem, grava\u00e7\u00e3o e automa\u00e7\u00e3o.<\/p>\n","protected":false},"featured_media":6981,"comment_status":"open","ping_status":"closed","template":"","meta":{"site-sidebar-layout":"default","site-content-layout":"","ast-site-content-layout":"default","site-content-style":"default","site-sidebar-style":"default","ast-global-header-display":"","ast-banner-title-visibility":"","ast-main-header-display":"","ast-hfb-above-header-display":"","ast-hfb-below-header-display":"","ast-hfb-mobile-header-display":"","site-post-title":"","ast-breadcrumbs-content":"","ast-featured-img":"","footer-sml-layout":"","ast-disable-related-posts":"","theme-transparent-header-meta":"default","adv-header-id-meta":"","stick-header-meta":"","header-above-stick-meta":"","header-main-stick-meta":"","header-below-stick-meta":"","astra-migrate-meta-layouts":"set","ast-page-background-enabled":"default","ast-page-background-meta":{"desktop":{"background-color":"","background-image":"","background-repeat":"repeat","background-position":"center center","background-size":"auto","background-attachment":"scroll","background-type":"","background-media":"","overlay-type":"","overlay-color":"","overlay-opacity":"","overlay-gradient":""},"tablet":{"background-color":"","background-image":"","background-repeat":"repeat","background-position":"center center","background-size":"auto","background-attachment":"scroll","background-type":"","background-media":"","overlay-type":"","overlay-color":"","overlay-opacity":"","overlay-gradient":""},"mobile":{"background-color":"","background-image":"","background-repeat":"repeat","background-position":"center center","background-size":"auto","background-attachment":"scroll","background-type":"","background-media":"","overlay-type":"","overlay-color":"","overlay-opacity":"","overlay-gradient":""}},"ast-content-background-meta":{"desktop":{"background-color":"var(--ast-global-color-5)","background-image":"","background-repeat":"repeat","background-position":"center center","background-size":"auto","background-attachment":"scroll","background-type":"","background-media":"","overlay-type":"","overlay-color":"","overlay-opacity":"","overlay-gradient":""},"tablet":{"background-color":"var(--ast-global-color-5)","background-image":"","background-repeat":"repeat","background-position":"center center","background-size":"auto","background-attachment":"scroll","background-type":"","background-media":"","overlay-type":"","overlay-color":"","overlay-opacity":"","overlay-gradient":""},"mobile":{"background-color":"var(--ast-global-color-5)","background-image":"","background-repeat":"repeat","background-position":"center center","background-size":"auto","background-attachment":"scroll","background-type":"","background-media":"","overlay-type":"","overlay-color":"","overlay-opacity":"","overlay-gradient":""}}},"product_brand":[25],"product_cat":[242],"product_tag":[247,248,246,250,244,251,245,252,243,249],"class_list":{"0":"post-6978","1":"product","2":"type-product","3":"status-publish","4":"has-post-thumbnail","6":"product_brand-linex-store","7":"product_cat-placas-cnc","8":"product_tag-4-eixos-cnc","9":"product_tag-automacao-cnc","10":"product_tag-cnc-usb","11":"product_tag-controlador-step-dir","12":"product_tag-controladora-cnc","13":"product_tag-eletronica-cnc","14":"product_tag-mach3","15":"product_tag-maquina-cnc","16":"product_tag-placa-cnc","17":"product_tag-router-cnc","18":"desktop-align-center","19":"tablet-align-center","20":"mobile-align-center","22":"first","23":"onbackorder","24":"taxable","25":"shipping-taxable","26":"purchasable","27":"product-type-simple"},"_links":{"self":[{"href":"https:\/\/linexstore.com.br\/loja\/wp-json\/wp\/v2\/product\/6978","targetHints":{"allow":["GET"]}}],"collection":[{"href":"https:\/\/linexstore.com.br\/loja\/wp-json\/wp\/v2\/product"}],"about":[{"href":"https:\/\/linexstore.com.br\/loja\/wp-json\/wp\/v2\/types\/product"}],"replies":[{"embeddable":true,"href":"https:\/\/linexstore.com.br\/loja\/wp-json\/wp\/v2\/comments?post=6978"}],"wp:featuredmedia":[{"embeddable":true,"href":"https:\/\/linexstore.com.br\/loja\/wp-json\/wp\/v2\/media\/6981"}],"wp:attachment":[{"href":"https:\/\/linexstore.com.br\/loja\/wp-json\/wp\/v2\/media?parent=6978"}],"wp:term":[{"taxonomy":"product_brand","embeddable":true,"href":"https:\/\/linexstore.com.br\/loja\/wp-json\/wp\/v2\/product_brand?post=6978"},{"taxonomy":"product_cat","embeddable":true,"href":"https:\/\/linexstore.com.br\/loja\/wp-json\/wp\/v2\/product_cat?post=6978"},{"taxonomy":"product_tag","embeddable":true,"href":"https:\/\/linexstore.com.br\/loja\/wp-json\/wp\/v2\/product_tag?post=6978"}],"curies":[{"name":"wp","href":"https:\/\/api.w.org\/{rel}","templated":true}]}}