{"id":6322,"date":"2025-12-17T10:48:53","date_gmt":"2025-12-17T13:48:53","guid":{"rendered":"https:\/\/linexstore.com.br\/loja\/?post_type=product&#038;p=6322"},"modified":"2026-03-19T11:44:27","modified_gmt":"2026-03-19T14:44:27","slug":"fresa-ponta-v-bit-90-x-38mm-com-2-pastilhas-intercambiaveis","status":"publish","type":"product","link":"https:\/\/linexstore.com.br\/loja\/produto\/fresa-ponta-v-bit-90-x-38mm-com-2-pastilhas-intercambiaveis","title":{"rendered":"Fresa Ponta V Bit 90\u00b0 x 38mm com 2 Pastilhas Intercambi\u00e1veis"},"content":{"rendered":"<p class=\"ui-pdp-title\">Fresa V Bit 90\u00b0 x 38mm Para Entalhe E Grava\u00e7\u00e3o Mesa De Madeira com 2 Pastilhas Intercambi\u00e1veis<\/p>\n<p>&nbsp;<\/p>\n<p>Durabilidade estendida \u2013 pastilhas girat\u00f3rias aproveitadas em 4 cantos.<\/p>\n<p>Economia garantida \u2013 menor custo de manuten\u00e7\u00e3o e troca.<\/p>\n<p>Alta performance \u2013 desbaste r\u00e1pido, preciso e uniforme.<\/p>\n<p>Versatilidade \u2013 indicada para diversos tipos de materiais.<\/p>\n<p>&nbsp;<\/p>\n<p><strong>Aplica\u00e7\u00f5es:<\/strong><\/p>\n<p>Madeira, MDF, compensado e pl\u00e1sticos.<\/p>\n<p>&nbsp;<\/p>\n<p><strong>Especifica\u00e7\u00f5es T\u00e9cnicas:<\/strong><\/p>\n<p>\u00c2ngulo da Ponta: 90\u00b0<\/p>\n<p>Di\u00e2metro: 38 mm<\/p>\n<p>Di\u00e2metro da haste: 12.7 mm<\/p>\n<p>Pastilhas: INS-27*11*1.5-35\u00b0(45\u00b0) \u2013 Widea HRC55\/60<\/p>\n<p>&nbsp;<\/p>\n","protected":false},"excerpt":{"rendered":"<p>Remova material com rapidez, economia e efici\u00eancia. Essa fresa \u00e9 a escolha ideal para trabalhos pesados em madeira maci\u00e7a, MDF, compensado e at\u00e9 pl\u00e1sticos.<\/p>\n","protected":false},"featured_media":7109,"comment_status":"open","ping_status":"closed","template":"","meta":{"site-sidebar-layout":"default","site-content-layout":"","ast-site-content-layout":"default","site-content-style":"default","site-sidebar-style":"default","ast-global-header-display":"","ast-banner-title-visibility":"","ast-main-header-display":"","ast-hfb-above-header-display":"","ast-hfb-below-header-display":"","ast-hfb-mobile-header-display":"","site-post-title":"","ast-breadcrumbs-content":"","ast-featured-img":"","footer-sml-layout":"","ast-disable-related-posts":"","theme-transparent-header-meta":"default","adv-header-id-meta":"","stick-header-meta":"","header-above-stick-meta":"","header-main-stick-meta":"","header-below-stick-meta":"","astra-migrate-meta-layouts":"set","ast-page-background-enabled":"default","ast-page-background-meta":{"desktop":{"background-color":"","background-image":"","background-repeat":"repeat","background-position":"center center","background-size":"auto","background-attachment":"scroll","background-type":"","background-media":"","overlay-type":"","overlay-color":"","overlay-opacity":"","overlay-gradient":""},"tablet":{"background-color":"","background-image":"","background-repeat":"repeat","background-position":"center center","background-size":"auto","background-attachment":"scroll","background-type":"","background-media":"","overlay-type":"","overlay-color":"","overlay-opacity":"","overlay-gradient":""},"mobile":{"background-color":"","background-image":"","background-repeat":"repeat","background-position":"center center","background-size":"auto","background-attachment":"scroll","background-type":"","background-media":"","overlay-type":"","overlay-color":"","overlay-opacity":"","overlay-gradient":""}},"ast-content-background-meta":{"desktop":{"background-color":"var(--ast-global-color-5)","background-image":"","background-repeat":"repeat","background-position":"center center","background-size":"auto","background-attachment":"scroll","background-type":"","background-media":"","overlay-type":"","overlay-color":"","overlay-opacity":"","overlay-gradient":""},"tablet":{"background-color":"var(--ast-global-color-5)","background-image":"","background-repeat":"repeat","background-position":"center center","background-size":"auto","background-attachment":"scroll","background-type":"","background-media":"","overlay-type":"","overlay-color":"","overlay-opacity":"","overlay-gradient":""},"mobile":{"background-color":"var(--ast-global-color-5)","background-image":"","background-repeat":"repeat","background-position":"center center","background-size":"auto","background-attachment":"scroll","background-type":"","background-media":"","overlay-type":"","overlay-color":"","overlay-opacity":"","overlay-gradient":""}}},"product_brand":[25],"product_cat":[101,100,117],"product_tag":[106,105,104,103,44,46,102],"class_list":{"0":"post-6322","1":"product","2":"type-product","3":"status-publish","4":"has-post-thumbnail","6":"product_brand-linex-store","7":"product_cat-fresa-v-bit-com-inserto-90-graus","8":"product_cat-fresa-v-bit-com-inserto","9":"product_cat-fresas-intercambiaveis","10":"product_tag-106","11":"product_tag-fresa-com-desbaste","12":"product_tag-fresa-com-inserto","13":"product_tag-fresa-com-pastilha","14":"product_tag-fresa-para-madeira","15":"product_tag-fresa-para-plastico","16":"product_tag-v-bit","17":"desktop-align-center","18":"tablet-align-center","19":"mobile-align-center","21":"first","22":"onbackorder","23":"taxable","24":"shipping-taxable","25":"purchasable","26":"product-type-simple"},"_links":{"self":[{"href":"https:\/\/linexstore.com.br\/loja\/wp-json\/wp\/v2\/product\/6322","targetHints":{"allow":["GET"]}}],"collection":[{"href":"https:\/\/linexstore.com.br\/loja\/wp-json\/wp\/v2\/product"}],"about":[{"href":"https:\/\/linexstore.com.br\/loja\/wp-json\/wp\/v2\/types\/product"}],"replies":[{"embeddable":true,"href":"https:\/\/linexstore.com.br\/loja\/wp-json\/wp\/v2\/comments?post=6322"}],"wp:featuredmedia":[{"embeddable":true,"href":"https:\/\/linexstore.com.br\/loja\/wp-json\/wp\/v2\/media\/7109"}],"wp:attachment":[{"href":"https:\/\/linexstore.com.br\/loja\/wp-json\/wp\/v2\/media?parent=6322"}],"wp:term":[{"taxonomy":"product_brand","embeddable":true,"href":"https:\/\/linexstore.com.br\/loja\/wp-json\/wp\/v2\/product_brand?post=6322"},{"taxonomy":"product_cat","embeddable":true,"href":"https:\/\/linexstore.com.br\/loja\/wp-json\/wp\/v2\/product_cat?post=6322"},{"taxonomy":"product_tag","embeddable":true,"href":"https:\/\/linexstore.com.br\/loja\/wp-json\/wp\/v2\/product_tag?post=6322"}],"curies":[{"name":"wp","href":"https:\/\/api.w.org\/{rel}","templated":true}]}}