{"id":6047,"date":"2025-11-18T15:29:42","date_gmt":"2025-11-18T18:29:42","guid":{"rendered":"https:\/\/linexstore.com.br\/loja\/?post_type=product&#038;p=6047"},"modified":"2026-03-13T09:00:06","modified_gmt":"2026-03-13T12:00:06","slug":"fresa-rabo-de-andorinha-8-0mm-x-45-em-aco-rapido-hss","status":"publish","type":"product","link":"https:\/\/linexstore.com.br\/loja\/produto\/fresa-rabo-de-andorinha-8-0mm-x-45-em-aco-rapido-hss","title":{"rendered":"Fresa Rabo de Andorinha 8.0mm x 45\u00b0 em A\u00e7o R\u00e1pido HSS"},"content":{"rendered":"<p>Fresa Rabo de Andorinha 8.0 mm x 45\u00b0 HSS<\/p>\n<p>Utilizada para fazer usinagens e rasgos prism\u00e1ticos em pe\u00e7as que requerem movimento de ajuste e regulagem com precis\u00e3o e aperto, mantendo alta rigidez mec\u00e2nica.<br \/>\nUtilizada para usinagens em colunas prism\u00e1ticas de fresadoras, m\u00e1quinas ferramentas em geral, castelo de tornos, mesa de fresadora, etc.<\/p>\n<h6>Aplica\u00e7\u00e3o:<\/h6>\n<p>Indicada para usinagem de:<\/p>\n<ul>\n<li>Metais em geral, Ferro, Ferro Fundido, Metais Ferrosos<\/li>\n<li>Lat\u00e3o, Bronze, Alum\u00ednio<\/li>\n<li>Acr\u00edlico, pl\u00e1stico, Nylon, Teflon, Fibra de Vidro<\/li>\n<li>Madeira, MDF, Compensado, MDP<\/li>\n<\/ul>\n<h6>Caracter\u00edsticas:<\/h6>\n<ul class=\"checklist\">\n<li>Material: A\u00e7o R\u00e1pido HSS<\/li>\n<li>Geometria: 8.0 mm x 45\u00b0<\/li>\n<li>Altura de Usinagem (Ap): 2,5 mm<\/li>\n<li>Haste: 8,0 mm<\/li>\n<li>Pesco\u00e7o: 3,5 mm<\/li>\n<li>Comprimento total: 60 mm<\/li>\n<li>Quantidade de Facas: 8<\/li>\n<\/ul>\n","protected":false},"excerpt":{"rendered":"<p>Indicada para usinagem de canais prism\u00e1ticos.<br \/>\nUtilizada para encaixes e jun\u00e7\u00f5es em madeira e marcenaria.<\/p>\n<p>Perfeita para profissionais que buscam excel\u00eancia em cada detalhe, nossa fresa oferece desempenho superior em qualquer projeto. N\u00e3o perca tempo, eleve seus trabalhos a um novo patamar com a fresa rabo de andorinha HSS.<\/p>\n","protected":false},"featured_media":6018,"comment_status":"open","ping_status":"closed","template":"","meta":{"site-sidebar-layout":"default","site-content-layout":"","ast-site-content-layout":"default","site-content-style":"default","site-sidebar-style":"default","ast-global-header-display":"","ast-banner-title-visibility":"","ast-main-header-display":"","ast-hfb-above-header-display":"","ast-hfb-below-header-display":"","ast-hfb-mobile-header-display":"","site-post-title":"","ast-breadcrumbs-content":"","ast-featured-img":"","footer-sml-layout":"","ast-disable-related-posts":"","theme-transparent-header-meta":"default","adv-header-id-meta":"","stick-header-meta":"","header-above-stick-meta":"","header-main-stick-meta":"","header-below-stick-meta":"","astra-migrate-meta-layouts":"set","ast-page-background-enabled":"default","ast-page-background-meta":{"desktop":{"background-color":"","background-image":"","background-repeat":"repeat","background-position":"center center","background-size":"auto","background-attachment":"scroll","background-type":"","background-media":"","overlay-type":"","overlay-color":"","overlay-opacity":"","overlay-gradient":""},"tablet":{"background-color":"","background-image":"","background-repeat":"repeat","background-position":"center center","background-size":"auto","background-attachment":"scroll","background-type":"","background-media":"","overlay-type":"","overlay-color":"","overlay-opacity":"","overlay-gradient":""},"mobile":{"background-color":"","background-image":"","background-repeat":"repeat","background-position":"center center","background-size":"auto","background-attachment":"scroll","background-type":"","background-media":"","overlay-type":"","overlay-color":"","overlay-opacity":"","overlay-gradient":""}},"ast-content-background-meta":{"desktop":{"background-color":"var(--ast-global-color-5)","background-image":"","background-repeat":"repeat","background-position":"center center","background-size":"auto","background-attachment":"scroll","background-type":"","background-media":"","overlay-type":"","overlay-color":"","overlay-opacity":"","overlay-gradient":""},"tablet":{"background-color":"var(--ast-global-color-5)","background-image":"","background-repeat":"repeat","background-position":"center center","background-size":"auto","background-attachment":"scroll","background-type":"","background-media":"","overlay-type":"","overlay-color":"","overlay-opacity":"","overlay-gradient":""},"mobile":{"background-color":"var(--ast-global-color-5)","background-image":"","background-repeat":"repeat","background-position":"center center","background-size":"auto","background-attachment":"scroll","background-type":"","background-media":"","overlay-type":"","overlay-color":"","overlay-opacity":"","overlay-gradient":""}}},"product_brand":[25],"product_cat":[98,81],"product_tag":[83,85,84,82],"class_list":{"0":"post-6047","1":"product","2":"type-product","3":"status-publish","4":"has-post-thumbnail","6":"product_brand-linex-store","7":"product_cat-fresa-rabo-de-andorinha-45-graus","8":"product_cat-fresa-rabo-de-andorinha","9":"product_tag-fresa-dovetail","10":"product_tag-fresa-para-encaixe-de-moveis","11":"product_tag-fresa-prismatica","12":"product_tag-fresa-rabo-de-andorinha","13":"desktop-align-center","14":"tablet-align-center","15":"mobile-align-center","17":"first","18":"onbackorder","19":"taxable","20":"shipping-taxable","21":"purchasable","22":"product-type-simple"},"_links":{"self":[{"href":"https:\/\/linexstore.com.br\/loja\/wp-json\/wp\/v2\/product\/6047","targetHints":{"allow":["GET"]}}],"collection":[{"href":"https:\/\/linexstore.com.br\/loja\/wp-json\/wp\/v2\/product"}],"about":[{"href":"https:\/\/linexstore.com.br\/loja\/wp-json\/wp\/v2\/types\/product"}],"replies":[{"embeddable":true,"href":"https:\/\/linexstore.com.br\/loja\/wp-json\/wp\/v2\/comments?post=6047"}],"wp:featuredmedia":[{"embeddable":true,"href":"https:\/\/linexstore.com.br\/loja\/wp-json\/wp\/v2\/media\/6018"}],"wp:attachment":[{"href":"https:\/\/linexstore.com.br\/loja\/wp-json\/wp\/v2\/media?parent=6047"}],"wp:term":[{"taxonomy":"product_brand","embeddable":true,"href":"https:\/\/linexstore.com.br\/loja\/wp-json\/wp\/v2\/product_brand?post=6047"},{"taxonomy":"product_cat","embeddable":true,"href":"https:\/\/linexstore.com.br\/loja\/wp-json\/wp\/v2\/product_cat?post=6047"},{"taxonomy":"product_tag","embeddable":true,"href":"https:\/\/linexstore.com.br\/loja\/wp-json\/wp\/v2\/product_tag?post=6047"}],"curies":[{"name":"wp","href":"https:\/\/api.w.org\/{rel}","templated":true}]}}